{"id":19329,"date":"2023-03-16T10:05:45","date_gmt":"2023-03-16T09:05:45","guid":{"rendered":"https:\/\/www.lagentlefactory.com\/blog\/?page_id=19329"},"modified":"2024-10-13T12:14:20","modified_gmt":"2024-10-13T10:14:20","slug":"dossier-de-presse-2","status":"publish","type":"page","link":"https:\/\/www.lagentlefactory.com\/blog\/dossier-de-presse-2\/","title":{"rendered":"Dossier de presse"},"content":{"rendered":"\n<p><strong>Contact presse<\/strong> :<\/p>\n\n\n\n<p>Christ\u00e8le MERTER<br>La Fabrique SAS<br>03 59 39 32 50 <br>contact@lagentlefactory.com<br>117 rue Montgolfier<br>59 100 Roubaix<\/p>\n\n\n\n<p> <\/p>\n\n\n\n<div class=\"wp-block-file\"><a id=\"wp-block-file--media-9f1e5e2d-ddaf-4f0b-b321-7b776ec923c9\" href=\"https:\/\/www.lagentlefactory.com\/blog\/wp-content\/uploads\/2023\/03\/Dossier-de-presse-La-Gentle-Factory.pdf\">Dossier-de-presse-La-Gentle-Factory<\/a><a href=\"https:\/\/www.lagentlefactory.com\/blog\/wp-content\/uploads\/2023\/03\/Dossier-de-presse-La-Gentle-Factory.pdf\" class=\"wp-block-file__button\" download aria-describedby=\"wp-block-file--media-9f1e5e2d-ddaf-4f0b-b321-7b776ec923c9\">T\u00e9l\u00e9charger<\/a><\/div>\n","protected":false},"excerpt":{"rendered":"<p>Contact presse : Christ\u00e8le MERTERLa Fabrique SAS03 59 39 32 50 contact@lagentlefactory.com117 rue Montgolfier59 100 Roubaix<\/p>\n","protected":false},"author":15,"featured_media":0,"parent":0,"menu_order":0,"comment_status":"closed","ping_status":"closed","template":"","meta":[],"acf":[],"yoast_head":"<!-- This site is optimized with the Yoast SEO plugin v19.13 - https:\/\/yoast.com\/wordpress\/plugins\/seo\/ -->\n<title>Dossier de presse - Blog Gentle Factory<\/title>\n<meta name=\"description\" content=\"Dossier de presse : retrouvez l&#039;actualit\u00e9 et les chiffres clefs de La Gentle Factory. N\u00e9e en 2013, sous l&#039;impulsion de Christ\u00e8le Merter.\" \/>\n<meta name=\"robots\" content=\"index, follow, max-snippet:-1, max-image-preview:large, max-video-preview:-1\" \/>\n<link rel=\"canonical\" href=\"https:\/\/www.lagentlefactory.com\/blog\/dossier-de-presse-2\/\" \/>\n<meta property=\"og:locale\" content=\"fr_FR\" \/>\n<meta property=\"og:type\" content=\"article\" \/>\n<meta property=\"og:title\" content=\"Dossier de presse - Blog Gentle Factory\" \/>\n<meta property=\"og:description\" content=\"Dossier de presse : retrouvez l&#039;actualit\u00e9 et les chiffres clefs de La Gentle Factory. N\u00e9e en 2013, sous l&#039;impulsion de Christ\u00e8le Merter.\" \/>\n<meta property=\"og:url\" content=\"https:\/\/www.lagentlefactory.com\/blog\/dossier-de-presse-2\/\" \/>\n<meta property=\"og:site_name\" content=\"Blog Gentle Factory\" \/>\n<meta property=\"article:publisher\" content=\"https:\/\/www.facebook.com\/lagentlefactory\" \/>\n<meta property=\"article:modified_time\" content=\"2024-10-13T10:14:20+00:00\" \/>\n<meta name=\"twitter:card\" content=\"summary_large_image\" \/>\n<meta name=\"twitter:site\" content=\"@lagentlefactory\" \/>\n<meta name=\"twitter:label1\" content=\"Dur\u00e9e de lecture estim\u00e9e\" \/>\n\t<meta name=\"twitter:data1\" content=\"1 minute\" \/>\n<script type=\"application\/ld+json\" class=\"yoast-schema-graph\">{\"@context\":\"https:\/\/schema.org\",\"@graph\":[{\"@type\":\"WebPage\",\"@id\":\"https:\/\/www.lagentlefactory.com\/blog\/dossier-de-presse-2\/\",\"url\":\"https:\/\/www.lagentlefactory.com\/blog\/dossier-de-presse-2\/\",\"name\":\"Dossier de presse - Blog Gentle Factory\",\"isPartOf\":{\"@id\":\"https:\/\/www.lagentlefactory.com\/blog\/#website\"},\"datePublished\":\"2023-03-16T09:05:45+00:00\",\"dateModified\":\"2024-10-13T10:14:20+00:00\",\"description\":\"Dossier de presse : retrouvez l'actualit\u00e9 et les chiffres clefs de La Gentle Factory. N\u00e9e en 2013, sous l'impulsion de Christ\u00e8le Merter.\",\"breadcrumb\":{\"@id\":\"https:\/\/www.lagentlefactory.com\/blog\/dossier-de-presse-2\/#breadcrumb\"},\"inLanguage\":\"fr-FR\",\"potentialAction\":[{\"@type\":\"ReadAction\",\"target\":[\"https:\/\/www.lagentlefactory.com\/blog\/dossier-de-presse-2\/\"]}]},{\"@type\":\"BreadcrumbList\",\"@id\":\"https:\/\/www.lagentlefactory.com\/blog\/dossier-de-presse-2\/#breadcrumb\",\"itemListElement\":[{\"@type\":\"ListItem\",\"position\":1,\"name\":\"Accueil\",\"item\":\"https:\/\/www.lagentlefactory.com\/blog\/\"},{\"@type\":\"ListItem\",\"position\":2,\"name\":\"Dossier de presse\"}]},{\"@type\":\"WebSite\",\"@id\":\"https:\/\/www.lagentlefactory.com\/blog\/#website\",\"url\":\"https:\/\/www.lagentlefactory.com\/blog\/\",\"name\":\"Blog Gentle Factory\",\"description\":\"La Gentle Sph\u00e8re\",\"publisher\":{\"@id\":\"https:\/\/www.lagentlefactory.com\/blog\/#organization\"},\"potentialAction\":[{\"@type\":\"SearchAction\",\"target\":{\"@type\":\"EntryPoint\",\"urlTemplate\":\"https:\/\/www.lagentlefactory.com\/blog\/?s={search_term_string}\"},\"query-input\":\"required name=search_term_string\"}],\"inLanguage\":\"fr-FR\"},{\"@type\":\"Organization\",\"@id\":\"https:\/\/www.lagentlefactory.com\/blog\/#organization\",\"name\":\"La Gentle Factory\",\"url\":\"https:\/\/www.lagentlefactory.com\/blog\/\",\"logo\":{\"@type\":\"ImageObject\",\"inLanguage\":\"fr-FR\",\"@id\":\"https:\/\/www.lagentlefactory.com\/blog\/#\/schema\/logo\/image\/\",\"url\":\"https:\/\/www.lagentlefactory.com\/blog\/wp-content\/uploads\/2022\/09\/Logo-noir-400x450-1.png\",\"contentUrl\":\"https:\/\/www.lagentlefactory.com\/blog\/wp-content\/uploads\/2022\/09\/Logo-noir-400x450-1.png\",\"width\":400,\"height\":450,\"caption\":\"La Gentle Factory\"},\"image\":{\"@id\":\"https:\/\/www.lagentlefactory.com\/blog\/#\/schema\/logo\/image\/\"},\"sameAs\":[\"https:\/\/instagram.com\/lagentlefactory\/\",\"https:\/\/www.facebook.com\/lagentlefactory\",\"https:\/\/twitter.com\/lagentlefactory\"]}]}<\/script>\n<!-- \/ Yoast SEO plugin. -->","yoast_head_json":{"title":"Dossier de presse - Blog Gentle Factory","description":"Dossier de presse : retrouvez l'actualit\u00e9 et les chiffres clefs de La Gentle Factory. N\u00e9e en 2013, sous l'impulsion de Christ\u00e8le Merter.","robots":{"index":"index","follow":"follow","max-snippet":"max-snippet:-1","max-image-preview":"max-image-preview:large","max-video-preview":"max-video-preview:-1"},"canonical":"https:\/\/www.lagentlefactory.com\/blog\/dossier-de-presse-2\/","og_locale":"fr_FR","og_type":"article","og_title":"Dossier de presse - Blog Gentle Factory","og_description":"Dossier de presse : retrouvez l'actualit\u00e9 et les chiffres clefs de La Gentle Factory. N\u00e9e en 2013, sous l'impulsion de Christ\u00e8le Merter.","og_url":"https:\/\/www.lagentlefactory.com\/blog\/dossier-de-presse-2\/","og_site_name":"Blog Gentle Factory","article_publisher":"https:\/\/www.facebook.com\/lagentlefactory","article_modified_time":"2024-10-13T10:14:20+00:00","twitter_card":"summary_large_image","twitter_site":"@lagentlefactory","twitter_misc":{"Dur\u00e9e de lecture estim\u00e9e":"1 minute"},"schema":{"@context":"https:\/\/schema.org","@graph":[{"@type":"WebPage","@id":"https:\/\/www.lagentlefactory.com\/blog\/dossier-de-presse-2\/","url":"https:\/\/www.lagentlefactory.com\/blog\/dossier-de-presse-2\/","name":"Dossier de presse - Blog Gentle Factory","isPartOf":{"@id":"https:\/\/www.lagentlefactory.com\/blog\/#website"},"datePublished":"2023-03-16T09:05:45+00:00","dateModified":"2024-10-13T10:14:20+00:00","description":"Dossier de presse : retrouvez l'actualit\u00e9 et les chiffres clefs de La Gentle Factory. N\u00e9e en 2013, sous l'impulsion de Christ\u00e8le Merter.","breadcrumb":{"@id":"https:\/\/www.lagentlefactory.com\/blog\/dossier-de-presse-2\/#breadcrumb"},"inLanguage":"fr-FR","potentialAction":[{"@type":"ReadAction","target":["https:\/\/www.lagentlefactory.com\/blog\/dossier-de-presse-2\/"]}]},{"@type":"BreadcrumbList","@id":"https:\/\/www.lagentlefactory.com\/blog\/dossier-de-presse-2\/#breadcrumb","itemListElement":[{"@type":"ListItem","position":1,"name":"Accueil","item":"https:\/\/www.lagentlefactory.com\/blog\/"},{"@type":"ListItem","position":2,"name":"Dossier de presse"}]},{"@type":"WebSite","@id":"https:\/\/www.lagentlefactory.com\/blog\/#website","url":"https:\/\/www.lagentlefactory.com\/blog\/","name":"Blog Gentle Factory","description":"La Gentle Sph\u00e8re","publisher":{"@id":"https:\/\/www.lagentlefactory.com\/blog\/#organization"},"potentialAction":[{"@type":"SearchAction","target":{"@type":"EntryPoint","urlTemplate":"https:\/\/www.lagentlefactory.com\/blog\/?s={search_term_string}"},"query-input":"required name=search_term_string"}],"inLanguage":"fr-FR"},{"@type":"Organization","@id":"https:\/\/www.lagentlefactory.com\/blog\/#organization","name":"La Gentle Factory","url":"https:\/\/www.lagentlefactory.com\/blog\/","logo":{"@type":"ImageObject","inLanguage":"fr-FR","@id":"https:\/\/www.lagentlefactory.com\/blog\/#\/schema\/logo\/image\/","url":"https:\/\/www.lagentlefactory.com\/blog\/wp-content\/uploads\/2022\/09\/Logo-noir-400x450-1.png","contentUrl":"https:\/\/www.lagentlefactory.com\/blog\/wp-content\/uploads\/2022\/09\/Logo-noir-400x450-1.png","width":400,"height":450,"caption":"La Gentle Factory"},"image":{"@id":"https:\/\/www.lagentlefactory.com\/blog\/#\/schema\/logo\/image\/"},"sameAs":["https:\/\/instagram.com\/lagentlefactory\/","https:\/\/www.facebook.com\/lagentlefactory","https:\/\/twitter.com\/lagentlefactory"]}]}},"_links":{"self":[{"href":"https:\/\/www.lagentlefactory.com\/blog\/wp-json\/wp\/v2\/pages\/19329"}],"collection":[{"href":"https:\/\/www.lagentlefactory.com\/blog\/wp-json\/wp\/v2\/pages"}],"about":[{"href":"https:\/\/www.lagentlefactory.com\/blog\/wp-json\/wp\/v2\/types\/page"}],"author":[{"embeddable":true,"href":"https:\/\/www.lagentlefactory.com\/blog\/wp-json\/wp\/v2\/users\/15"}],"replies":[{"embeddable":true,"href":"https:\/\/www.lagentlefactory.com\/blog\/wp-json\/wp\/v2\/comments?post=19329"}],"version-history":[{"count":7,"href":"https:\/\/www.lagentlefactory.com\/blog\/wp-json\/wp\/v2\/pages\/19329\/revisions"}],"predecessor-version":[{"id":20939,"href":"https:\/\/www.lagentlefactory.com\/blog\/wp-json\/wp\/v2\/pages\/19329\/revisions\/20939"}],"wp:attachment":[{"href":"https:\/\/www.lagentlefactory.com\/blog\/wp-json\/wp\/v2\/media?parent=19329"}],"curies":[{"name":"wp","href":"https:\/\/api.w.org\/{rel}","templated":true}]}}