{"id":19169,"date":"2023-02-28T15:24:20","date_gmt":"2023-02-28T14:24:20","guid":{"rendered":"https:\/\/www.lagentlefactory.com\/blog\/?page_id=19169"},"modified":"2023-02-28T15:24:20","modified_gmt":"2023-02-28T14:24:20","slug":"graphie-web-designer-stage-ou-stage-alternance-6-a-18-mois","status":"publish","type":"page","link":"https:\/\/www.lagentlefactory.com\/blog\/graphie-web-designer-stage-ou-stage-alternance-6-a-18-mois\/","title":{"rendered":"Graphie Web Designer &#8211; Stage ou Stage + Alternance &#8211; 6 \u00e0 18 mois"},"content":{"rendered":"\n<p class=\"has-text-align-center\">Depuis 2013, La Gentle Factory imagine pour l\u2019homme <strong>une mode made in France engag\u00e9e pour r\u00e9parer<\/strong> <strong>la plan\u00e8te<\/strong>. <br>Une mode qui a le sens des responsabilit\u00e9s ; une mode issue du recyclage, des mati\u00e8res biologiques et de la production locale. <\/p>\n\n\n\n<div style=\"height:33px\" aria-hidden=\"true\" class=\"wp-block-spacer\"><\/div>\n\n\n\n<p class=\"has-text-align-center\">Nous avons ouvert notre site e-commerce en octobre 2017 et notre activit\u00e9 B2B est en pleine croissance avec un r\u00e9seau de plus de 120 partenaires ! <br>Nous produisons nos Gentle v\u00eatements en France gr\u00e2ce \u00e0 notre r\u00e9seau de partenaires fabricants ultra impliqu\u00e9s.<\/p>\n\n\n\n<div style=\"height:33px\" aria-hidden=\"true\" class=\"wp-block-spacer\"><\/div>\n\n\n\n<p class=\"has-text-align-center\">Et pour continuer \u00e0 nous d\u00e9velopper, <strong>nous recherchons des gens sympas, comp\u00e9tents et motiv\u00e9s<\/strong> !<br>Rejoindre la Team Gentle, c\u2019est prendre part \u00e0 <strong>une aventure dans une start-up soud\u00e9e et pleine d\u2019\u00e9nergie<\/strong>.<\/p>\n\n\n\n<div style=\"height:63px\" aria-hidden=\"true\" class=\"wp-block-spacer\"><\/div>\n\n\n<div class=\"wp-block-image\">\n<figure class=\"aligncenter size-full\"><img loading=\"lazy\" width=\"600\" height=\"250\" src=\"https:\/\/www.lagentlefactory.com\/blog\/wp-content\/uploads\/2023\/02\/Sans-titre-2023-02-28T143246.597.png\" alt=\"\" class=\"wp-image-19104\" srcset=\"https:\/\/www.lagentlefactory.com\/blog\/wp-content\/uploads\/2023\/02\/Sans-titre-2023-02-28T143246.597.png 600w, https:\/\/www.lagentlefactory.com\/blog\/wp-content\/uploads\/2023\/02\/Sans-titre-2023-02-28T143246.597-300x125.png 300w\" sizes=\"(max-width: 600px) 100vw, 600px\" \/><\/figure><\/div>\n\n\n<div style=\"height:57px\" aria-hidden=\"true\" class=\"wp-block-spacer\"><\/div>\n\n\n\n<p class=\"has-text-align-left\"><strong>Ta mission ?<\/strong><\/p>\n\n\n\n<p class=\"has-text-align-left\">Tu devras :<\/p>\n\n\n\n<p class=\"has-text-align-left\">> <strong>Cr\u00e9er des contenus graphiques vari\u00e9s<\/strong> (infographies, emailing, sites web, fiche produits, communiqu\u00e9 de presse, \u2026) en fonction du brief que te donnera l\u2019\u00e9quipe business :<\/p>\n\n\n\n<blockquote class=\"wp-block-quote\"><p>Supports de communication web,<\/p><p>Email, Fiches Produit, Articles, Communiqu\u00e9s de presse, \u2026<\/p><p>Supports de communication print Flyers, affiches, PLV\u2026<\/p><p>Photos &amp; retouches photos,<\/p><p>Conception de campagnes digitales et sociales : (Cr\u00e9ation de tous les emails : 1 \u00e0 2 emails \/ semaine ;\u00a0Feed Instagram : 5 \u00e0 7 posts \/ 3 \u00e0 5 story<strong> ;\u00a0<\/strong>Feed Facebook : 3 \u00e0 5 posts par semaine).<\/p><\/blockquote>\n\n\n\n<p>> <strong>T\u2019assurer que la charte visuelle est respect\u00e9e<\/strong> dans toutes les communications et tous les produits (web et print).<\/p>\n\n\n\n<p>> <strong>G\u00e9rer l\u2019ensemble des prestataires photo et vid\u00e9o<\/strong> :<\/p>\n\n\n\n<blockquote class=\"wp-block-quote\"><p>Garantir la production des photos produits pour le site e-commerce, natures mortes, photo au porter, \u00e9v\u00e9nements ;<\/p><p>Cr\u00e9er des vid\u00e9os de marques, making of, \u00e9v\u00e8nements, vid\u00e9os pour r\u00e9seaux sociaux ;<\/p><\/blockquote>\n\n\n\n<div style=\"height:34px\" aria-hidden=\"true\" class=\"wp-block-spacer\"><\/div>\n\n\n\n<p><strong>Ton profil ?<\/strong><\/p>\n\n\n\n<p>> Tu es dans une \u00e9cole de Graphisme, de design, ou encore de web design<\/p>\n\n\n\n<p>> Tu es cr\u00e9atif.<\/p>\n\n\n\n<p>> Tu aimes la photo et la vid\u00e9o, tu es un expert du montage de la vid\u00e9o et la retouche photo n\u2019a aucun secret pour toi.<\/p>\n\n\n\n<p>> Tu maitrises la Suite Adobe, InDesign, Photoshop, Premi\u00e8re, Illustrator\u2026<\/p>\n\n\n\n<p>> Tu es capable de g\u00e9rer des situations d\u2019urgence<\/p>\n\n\n\n<p>> Tu sais anticiper et faire preuve de r\u00e9activit\u00e9\u0301 .<\/p>\n\n\n\n<p>> Tu es engag\u00e9 dans le d\u00e9veloppement durable, consommer \u00ab moins mais mieux \u00bb fait partie de tes leitmotivs !<\/p>\n\n\n\n<p>> Tu as envie de vivre une exp\u00e9rience \u00ab start-up \u00bb avec des missions tr\u00e8s vari\u00e9es et concilier l\u2019univers de la mode et la vente en ligne.<\/p>\n\n\n\n<p>> Autonomie, polyvalence, dynamisme, adaptabilit\u00e9\u0301 et grand sens de la communication sont des qualit\u00e9s n\u00e9cessaires pour ce poste.<\/p>\n\n\n\n<p>> Ta curiosit\u00e9 vis-\u00e0-vis des tendances web te permet de proposer des solutions innovantes en permanence.<\/p>\n\n\n\n<p>Envoie-nous ta candidature, n\u2019h\u00e9site pas \u00e0 nous partager ta cr\u00e9ativit\u00e9.<\/p>\n\n\n\n<p>A toi de jouer !<\/p>\n\n\n\n<div style=\"height:34px\" aria-hidden=\"true\" class=\"wp-block-spacer\"><\/div>\n\n\n\n<p><strong>Type d&#8217;emploi<\/strong> : Temps plein, Stage, Alternance<\/p>\n\n\n\n<p><strong>Dur\u00e9e du contrat<\/strong> : 6-18 mois<\/p>\n\n\n\n<div style=\"height:34px\" aria-hidden=\"true\" class=\"wp-block-spacer\"><\/div>\n\n\n\n<p><strong>Avantages<\/strong>&nbsp;:<\/p>\n\n\n\n<ul><li>&gt; Participation au transport<\/li><li>&gt; Titre-restaurant<\/li><\/ul>\n\n\n\n<p><strong>Programmation<\/strong>&nbsp;:<\/p>\n\n\n\n<ul><li>> Du lundi au vendredi<\/li><li>> P\u00e9riodes de travail de 8 heures<\/li><\/ul>\n\n\n\n<p><strong>Lieu du poste<\/strong> : T\u00e9l\u00e9travail hybride (59100 Roubaix)<\/p>\n\n\n\n<div style=\"height:40px\" aria-hidden=\"true\" class=\"wp-block-spacer\"><\/div>\n\n\n\n<p>Cette mission t&rsquo;int\u00e9resse ? Ecris-nous \u00e0 <strong>contact@lagentlefactory.com<\/strong> en nous indiquant tes motivations et en joignant ton CV \ud83d\ude42<\/p>\n\n\n\n<blockquote class=\"wp-block-quote has-text-align-center\"><p>.<\/p><\/blockquote>\n\n\n<div class=\"wp-block-image\">\n<figure class=\"aligncenter size-full\"><img loading=\"lazy\" width=\"600\" height=\"250\" src=\"https:\/\/www.lagentlefactory.com\/blog\/wp-content\/uploads\/2023\/02\/Sans-titre-99.jpg\" alt=\"\" class=\"wp-image-19161\" srcset=\"https:\/\/www.lagentlefactory.com\/blog\/wp-content\/uploads\/2023\/02\/Sans-titre-99.jpg 600w, https:\/\/www.lagentlefactory.com\/blog\/wp-content\/uploads\/2023\/02\/Sans-titre-99-300x125.jpg 300w\" sizes=\"(max-width: 600px) 100vw, 600px\" \/><\/figure><\/div>\n\n\n<p><\/p>\n\n\n\n<p> <\/p>\n\n\n\n<p class=\"has-text-align-center\"><\/p>\n","protected":false},"excerpt":{"rendered":"<p>Depuis 2013, La Gentle Factory imagine pour l\u2019homme une mode made in France engag\u00e9e pour r\u00e9parer la plan\u00e8te. Une mode qui a le sens des responsabilit\u00e9s ; une mode issue du recyclage, des mati\u00e8res biologiques et de la production locale. Nous avons ouvert notre site e-commerce en octobre 2017 et notre activit\u00e9 B2B est en [&hellip;]<\/p>\n","protected":false},"author":15,"featured_media":0,"parent":0,"menu_order":0,"comment_status":"closed","ping_status":"closed","template":"","meta":[],"acf":[],"yoast_head":"<!-- This site is optimized with the Yoast SEO plugin v19.13 - https:\/\/yoast.com\/wordpress\/plugins\/seo\/ -->\n<title>Graphie Web Designer - Stage ou Stage + Alternance - 6 \u00e0 18 mois - Blog Gentle Factory<\/title>\n<meta name=\"robots\" content=\"index, follow, max-snippet:-1, max-image-preview:large, max-video-preview:-1\" \/>\n<link rel=\"canonical\" href=\"https:\/\/www.lagentlefactory.com\/blog\/graphie-web-designer-stage-ou-stage-alternance-6-a-18-mois\/\" \/>\n<meta property=\"og:locale\" content=\"fr_FR\" \/>\n<meta property=\"og:type\" content=\"article\" \/>\n<meta property=\"og:title\" content=\"Graphie Web Designer - Stage ou Stage + Alternance - 6 \u00e0 18 mois - Blog Gentle Factory\" \/>\n<meta property=\"og:description\" content=\"Depuis 2013, La Gentle Factory imagine pour l\u2019homme une mode made in France engag\u00e9e pour r\u00e9parer la plan\u00e8te. Une mode qui a le sens des responsabilit\u00e9s ; une mode issue du recyclage, des mati\u00e8res biologiques et de la production locale. Nous avons ouvert notre site e-commerce en octobre 2017 et notre activit\u00e9 B2B est en [&hellip;]\" \/>\n<meta property=\"og:url\" content=\"https:\/\/www.lagentlefactory.com\/blog\/graphie-web-designer-stage-ou-stage-alternance-6-a-18-mois\/\" \/>\n<meta property=\"og:site_name\" content=\"Blog Gentle Factory\" \/>\n<meta property=\"article:publisher\" content=\"https:\/\/www.facebook.com\/lagentlefactory\" \/>\n<meta property=\"og:image\" content=\"https:\/\/www.lagentlefactory.com\/blog\/wp-content\/uploads\/2023\/02\/Sans-titre-2023-02-28T143246.597.png\" \/>\n<meta name=\"twitter:card\" content=\"summary_large_image\" \/>\n<meta name=\"twitter:site\" content=\"@lagentlefactory\" \/>\n<meta name=\"twitter:label1\" content=\"Dur\u00e9e de lecture estim\u00e9e\" \/>\n\t<meta name=\"twitter:data1\" content=\"3 minutes\" \/>\n<script type=\"application\/ld+json\" class=\"yoast-schema-graph\">{\"@context\":\"https:\/\/schema.org\",\"@graph\":[{\"@type\":\"WebPage\",\"@id\":\"https:\/\/www.lagentlefactory.com\/blog\/graphie-web-designer-stage-ou-stage-alternance-6-a-18-mois\/\",\"url\":\"https:\/\/www.lagentlefactory.com\/blog\/graphie-web-designer-stage-ou-stage-alternance-6-a-18-mois\/\",\"name\":\"Graphie Web Designer - Stage ou Stage + Alternance - 6 \u00e0 18 mois - Blog Gentle Factory\",\"isPartOf\":{\"@id\":\"https:\/\/www.lagentlefactory.com\/blog\/#website\"},\"datePublished\":\"2023-02-28T14:24:20+00:00\",\"dateModified\":\"2023-02-28T14:24:20+00:00\",\"breadcrumb\":{\"@id\":\"https:\/\/www.lagentlefactory.com\/blog\/graphie-web-designer-stage-ou-stage-alternance-6-a-18-mois\/#breadcrumb\"},\"inLanguage\":\"fr-FR\",\"potentialAction\":[{\"@type\":\"ReadAction\",\"target\":[\"https:\/\/www.lagentlefactory.com\/blog\/graphie-web-designer-stage-ou-stage-alternance-6-a-18-mois\/\"]}]},{\"@type\":\"BreadcrumbList\",\"@id\":\"https:\/\/www.lagentlefactory.com\/blog\/graphie-web-designer-stage-ou-stage-alternance-6-a-18-mois\/#breadcrumb\",\"itemListElement\":[{\"@type\":\"ListItem\",\"position\":1,\"name\":\"Accueil\",\"item\":\"https:\/\/www.lagentlefactory.com\/blog\/\"},{\"@type\":\"ListItem\",\"position\":2,\"name\":\"Graphie Web Designer &#8211; Stage ou Stage + Alternance &#8211; 6 \u00e0 18 mois\"}]},{\"@type\":\"WebSite\",\"@id\":\"https:\/\/www.lagentlefactory.com\/blog\/#website\",\"url\":\"https:\/\/www.lagentlefactory.com\/blog\/\",\"name\":\"Blog Gentle Factory\",\"description\":\"La Gentle Sph\u00e8re\",\"publisher\":{\"@id\":\"https:\/\/www.lagentlefactory.com\/blog\/#organization\"},\"potentialAction\":[{\"@type\":\"SearchAction\",\"target\":{\"@type\":\"EntryPoint\",\"urlTemplate\":\"https:\/\/www.lagentlefactory.com\/blog\/?s={search_term_string}\"},\"query-input\":\"required name=search_term_string\"}],\"inLanguage\":\"fr-FR\"},{\"@type\":\"Organization\",\"@id\":\"https:\/\/www.lagentlefactory.com\/blog\/#organization\",\"name\":\"La Gentle Factory\",\"url\":\"https:\/\/www.lagentlefactory.com\/blog\/\",\"logo\":{\"@type\":\"ImageObject\",\"inLanguage\":\"fr-FR\",\"@id\":\"https:\/\/www.lagentlefactory.com\/blog\/#\/schema\/logo\/image\/\",\"url\":\"https:\/\/www.lagentlefactory.com\/blog\/wp-content\/uploads\/2022\/09\/Logo-noir-400x450-1.png\",\"contentUrl\":\"https:\/\/www.lagentlefactory.com\/blog\/wp-content\/uploads\/2022\/09\/Logo-noir-400x450-1.png\",\"width\":400,\"height\":450,\"caption\":\"La Gentle Factory\"},\"image\":{\"@id\":\"https:\/\/www.lagentlefactory.com\/blog\/#\/schema\/logo\/image\/\"},\"sameAs\":[\"https:\/\/instagram.com\/lagentlefactory\/\",\"https:\/\/www.facebook.com\/lagentlefactory\",\"https:\/\/twitter.com\/lagentlefactory\"]}]}<\/script>\n<!-- \/ Yoast SEO plugin. -->","yoast_head_json":{"title":"Graphie Web Designer - Stage ou Stage + Alternance - 6 \u00e0 18 mois - Blog Gentle Factory","robots":{"index":"index","follow":"follow","max-snippet":"max-snippet:-1","max-image-preview":"max-image-preview:large","max-video-preview":"max-video-preview:-1"},"canonical":"https:\/\/www.lagentlefactory.com\/blog\/graphie-web-designer-stage-ou-stage-alternance-6-a-18-mois\/","og_locale":"fr_FR","og_type":"article","og_title":"Graphie Web Designer - Stage ou Stage + Alternance - 6 \u00e0 18 mois - Blog Gentle Factory","og_description":"Depuis 2013, La Gentle Factory imagine pour l\u2019homme une mode made in France engag\u00e9e pour r\u00e9parer la plan\u00e8te. Une mode qui a le sens des responsabilit\u00e9s ; une mode issue du recyclage, des mati\u00e8res biologiques et de la production locale. Nous avons ouvert notre site e-commerce en octobre 2017 et notre activit\u00e9 B2B est en [&hellip;]","og_url":"https:\/\/www.lagentlefactory.com\/blog\/graphie-web-designer-stage-ou-stage-alternance-6-a-18-mois\/","og_site_name":"Blog Gentle Factory","article_publisher":"https:\/\/www.facebook.com\/lagentlefactory","og_image":[{"url":"https:\/\/www.lagentlefactory.com\/blog\/wp-content\/uploads\/2023\/02\/Sans-titre-2023-02-28T143246.597.png"}],"twitter_card":"summary_large_image","twitter_site":"@lagentlefactory","twitter_misc":{"Dur\u00e9e de lecture estim\u00e9e":"3 minutes"},"schema":{"@context":"https:\/\/schema.org","@graph":[{"@type":"WebPage","@id":"https:\/\/www.lagentlefactory.com\/blog\/graphie-web-designer-stage-ou-stage-alternance-6-a-18-mois\/","url":"https:\/\/www.lagentlefactory.com\/blog\/graphie-web-designer-stage-ou-stage-alternance-6-a-18-mois\/","name":"Graphie Web Designer - Stage ou Stage + Alternance - 6 \u00e0 18 mois - Blog Gentle Factory","isPartOf":{"@id":"https:\/\/www.lagentlefactory.com\/blog\/#website"},"datePublished":"2023-02-28T14:24:20+00:00","dateModified":"2023-02-28T14:24:20+00:00","breadcrumb":{"@id":"https:\/\/www.lagentlefactory.com\/blog\/graphie-web-designer-stage-ou-stage-alternance-6-a-18-mois\/#breadcrumb"},"inLanguage":"fr-FR","potentialAction":[{"@type":"ReadAction","target":["https:\/\/www.lagentlefactory.com\/blog\/graphie-web-designer-stage-ou-stage-alternance-6-a-18-mois\/"]}]},{"@type":"BreadcrumbList","@id":"https:\/\/www.lagentlefactory.com\/blog\/graphie-web-designer-stage-ou-stage-alternance-6-a-18-mois\/#breadcrumb","itemListElement":[{"@type":"ListItem","position":1,"name":"Accueil","item":"https:\/\/www.lagentlefactory.com\/blog\/"},{"@type":"ListItem","position":2,"name":"Graphie Web Designer &#8211; Stage ou Stage + Alternance &#8211; 6 \u00e0 18 mois"}]},{"@type":"WebSite","@id":"https:\/\/www.lagentlefactory.com\/blog\/#website","url":"https:\/\/www.lagentlefactory.com\/blog\/","name":"Blog Gentle Factory","description":"La Gentle Sph\u00e8re","publisher":{"@id":"https:\/\/www.lagentlefactory.com\/blog\/#organization"},"potentialAction":[{"@type":"SearchAction","target":{"@type":"EntryPoint","urlTemplate":"https:\/\/www.lagentlefactory.com\/blog\/?s={search_term_string}"},"query-input":"required name=search_term_string"}],"inLanguage":"fr-FR"},{"@type":"Organization","@id":"https:\/\/www.lagentlefactory.com\/blog\/#organization","name":"La Gentle Factory","url":"https:\/\/www.lagentlefactory.com\/blog\/","logo":{"@type":"ImageObject","inLanguage":"fr-FR","@id":"https:\/\/www.lagentlefactory.com\/blog\/#\/schema\/logo\/image\/","url":"https:\/\/www.lagentlefactory.com\/blog\/wp-content\/uploads\/2022\/09\/Logo-noir-400x450-1.png","contentUrl":"https:\/\/www.lagentlefactory.com\/blog\/wp-content\/uploads\/2022\/09\/Logo-noir-400x450-1.png","width":400,"height":450,"caption":"La Gentle Factory"},"image":{"@id":"https:\/\/www.lagentlefactory.com\/blog\/#\/schema\/logo\/image\/"},"sameAs":["https:\/\/instagram.com\/lagentlefactory\/","https:\/\/www.facebook.com\/lagentlefactory","https:\/\/twitter.com\/lagentlefactory"]}]}},"_links":{"self":[{"href":"https:\/\/www.lagentlefactory.com\/blog\/wp-json\/wp\/v2\/pages\/19169"}],"collection":[{"href":"https:\/\/www.lagentlefactory.com\/blog\/wp-json\/wp\/v2\/pages"}],"about":[{"href":"https:\/\/www.lagentlefactory.com\/blog\/wp-json\/wp\/v2\/types\/page"}],"author":[{"embeddable":true,"href":"https:\/\/www.lagentlefactory.com\/blog\/wp-json\/wp\/v2\/users\/15"}],"replies":[{"embeddable":true,"href":"https:\/\/www.lagentlefactory.com\/blog\/wp-json\/wp\/v2\/comments?post=19169"}],"version-history":[{"count":6,"href":"https:\/\/www.lagentlefactory.com\/blog\/wp-json\/wp\/v2\/pages\/19169\/revisions"}],"predecessor-version":[{"id":19175,"href":"https:\/\/www.lagentlefactory.com\/blog\/wp-json\/wp\/v2\/pages\/19169\/revisions\/19175"}],"wp:attachment":[{"href":"https:\/\/www.lagentlefactory.com\/blog\/wp-json\/wp\/v2\/media?parent=19169"}],"curies":[{"name":"wp","href":"https:\/\/api.w.org\/{rel}","templated":true}]}}