{"id":19165,"date":"2023-02-28T15:12:42","date_gmt":"2023-02-28T14:12:42","guid":{"rendered":"https:\/\/www.lagentlefactory.com\/blog\/?page_id=19165"},"modified":"2024-05-20T11:47:21","modified_gmt":"2024-05-20T09:47:21","slug":"vendeur-39-heures","status":"publish","type":"page","link":"https:\/\/www.lagentlefactory.com\/blog\/vendeur-39-heures\/","title":{"rendered":"On recrute notre futur.e vendeur.se boutique (39H00)"},"content":{"rendered":"\n<p class=\"has-text-align-center\">Depuis 2013, La Gentle Factory imagine pour l\u2019homme <strong>une mode made in France engag\u00e9e pour r\u00e9parer<\/strong> <strong>la plan\u00e8te<\/strong>. <br>Une mode qui a le sens des responsabilit\u00e9s ; une mode issue du recyclage, des mati\u00e8res biologiques et de la production locale. <\/p>\n\n\n\n<p class=\"has-text-align-center\">Nous avons ouvert notre site e-commerce en octobre 2017 et notre activit\u00e9 B2B est en pleine croissance avec un r\u00e9seau de plus de 120 partenaires ! <br>Nous produisons nos Gentle v\u00eatements en France gr\u00e2ce \u00e0 notre r\u00e9seau de partenaires fabricants ultra impliqu\u00e9s.<\/p>\n\n\n\n<p class=\"has-text-align-center\">Et pour continuer \u00e0 nous d\u00e9velopper, <strong>nous recherchons des gens sympas, comp\u00e9tents et motiv\u00e9s<\/strong> !<br>Rejoindre la Team Gentle, c\u2019est prendre part \u00e0 <strong>une aventure dans une start-up soud\u00e9e et pleine d\u2019\u00e9nergie<\/strong>.<\/p>\n\n\n\n<div style=\"height:63px\" aria-hidden=\"true\" class=\"wp-block-spacer\"><\/div>\n\n\n<div class=\"wp-block-image\">\n<figure class=\"aligncenter size-full\"><img loading=\"lazy\" width=\"600\" height=\"250\" src=\"https:\/\/www.lagentlefactory.com\/blog\/wp-content\/uploads\/2023\/02\/Sans-titre-2023-02-28T143246.597.png\" alt=\"\" class=\"wp-image-19104\" srcset=\"https:\/\/www.lagentlefactory.com\/blog\/wp-content\/uploads\/2023\/02\/Sans-titre-2023-02-28T143246.597.png 600w, https:\/\/www.lagentlefactory.com\/blog\/wp-content\/uploads\/2023\/02\/Sans-titre-2023-02-28T143246.597-300x125.png 300w\" sizes=\"(max-width: 600px) 100vw, 600px\" \/><\/figure><\/div>\n\n<div class=\"wp-block-image\">\n<figure class=\"aligncenter size-full\"><a href=\"https:\/\/youtu.be\/-2NXEdW5YxI?si=yrHR5-FQLyoFXRPj\"><img loading=\"lazy\" width=\"1205\" height=\"629\" src=\"https:\/\/www.lagentlefactory.com\/blog\/wp-content\/uploads\/2024\/05\/youtube.jpg\" alt=\"\" class=\"wp-image-20750\" srcset=\"https:\/\/www.lagentlefactory.com\/blog\/wp-content\/uploads\/2024\/05\/youtube.jpg 1205w, https:\/\/www.lagentlefactory.com\/blog\/wp-content\/uploads\/2024\/05\/youtube-300x157.jpg 300w, https:\/\/www.lagentlefactory.com\/blog\/wp-content\/uploads\/2024\/05\/youtube-768x401.jpg 768w\" sizes=\"(max-width: 1205px) 100vw, 1205px\" \/><\/a><figcaption>Rencontrez Christ\u00e8le, fondatrice de La Gentle Factory<\/figcaption><\/figure><\/div>\n\n\n<div style=\"height:57px\" aria-hidden=\"true\" class=\"wp-block-spacer\"><\/div>\n\n\n\n<h3>\u2753 Quel est le poste ?<\/h3>\n\n\n\n<p>Nous recherchons un.e <strong>vendeur.se en boutique de mode responsable<\/strong>. Votre mission ? Accueillir chaleureusement nos clients, les conseiller avec passion sur nos produits de mode \u00e9thique et durable, et veiller \u00e0 ce qu&rsquo;ils repartent satisfaits et mieux inform\u00e9s sur la mode responsable.<\/p>\n\n\n\n<h3>\ud83d\udd0d Profil recherch\u00e9 :<\/h3>\n\n\n\n<ul><li><strong>Excellentes comp\u00e9tences relationnelles<\/strong> : vous aimez \u00e9changer et aider les clients \u00e0 trouver ce qu&rsquo;ils cherchent.<\/li><li><strong>Passion pour la mode \u00e9thique<\/strong> : vous \u00eates convaincu(e) que la mode peut \u00eatre \u00e0 la fois belle et responsable.<\/li><li><strong>Organisation<\/strong> : vous savez g\u00e9rer les stocks et maintenir une pr\u00e9sentation attrayante des produits en magasin.<\/li><li><strong>Esprit d&rsquo;\u00e9quipe<\/strong> : vous aimez travailler en collaboration et partager vos connaissances avec vos coll\u00e8gues.<\/li><\/ul>\n\n\n\n<h3>\ud83d\udcb0 C\u2019est une bonne situation \u00e7a, vendeur(se) ?<\/h3>\n\n\n\n<ul><li>Un salaire juste, \u00e9tabli \u00e0 partir de notre grille.<\/li><li>Tickets restaurant de 8.5\u20ac\/jour<\/li><li>Des primes sur r\u00e9sultats<\/li><li>Un environnement de travail convivial et engag\u00e9.<\/li><\/ul>\n\n\n\n<p>Envoyez-nous votre candidature, n\u2019h\u00e9sitez pas \u00e0 nous partager ta cr\u00e9ativit\u00e9.<\/p>\n\n\n\n<p>A vous de jouer !<\/p>\n\n\n\n<p>Cette mission vous int\u00e9resse ? Ecrivez-nous \u00e0 <strong>contact@lagentlefactory.com<\/strong> en nous indiquant vos motivations et en joignant ton CV \ud83d\ude42<\/p>\n\n\n\n<blockquote class=\"wp-block-quote has-text-align-center\"><p>.<\/p><\/blockquote>\n\n\n<div class=\"wp-block-image\">\n<figure class=\"aligncenter size-full\"><img loading=\"lazy\" width=\"600\" height=\"250\" src=\"https:\/\/www.lagentlefactory.com\/blog\/wp-content\/uploads\/2023\/02\/Sans-titre-99.jpg\" alt=\"\" class=\"wp-image-19161\" srcset=\"https:\/\/www.lagentlefactory.com\/blog\/wp-content\/uploads\/2023\/02\/Sans-titre-99.jpg 600w, https:\/\/www.lagentlefactory.com\/blog\/wp-content\/uploads\/2023\/02\/Sans-titre-99-300x125.jpg 300w\" sizes=\"(max-width: 600px) 100vw, 600px\" \/><\/figure><\/div>\n\n\n<p><\/p>\n\n\n\n<p> <\/p>\n\n\n\n<p class=\"has-text-align-center\"><\/p>\n","protected":false},"excerpt":{"rendered":"<p>Depuis 2013, La Gentle Factory imagine pour l\u2019homme une mode made in France engag\u00e9e pour r\u00e9parer la plan\u00e8te. Une mode qui a le sens des responsabilit\u00e9s ; une mode issue du recyclage, des mati\u00e8res biologiques et de la production locale. Nous avons ouvert notre site e-commerce en octobre 2017 et notre activit\u00e9 B2B est en [&hellip;]<\/p>\n","protected":false},"author":15,"featured_media":0,"parent":0,"menu_order":0,"comment_status":"closed","ping_status":"closed","template":"","meta":[],"acf":[],"yoast_head":"<!-- This site is optimized with the Yoast SEO plugin v19.13 - https:\/\/yoast.com\/wordpress\/plugins\/seo\/ -->\n<title>On recrute notre futur.e vendeur.se boutique (39H00) - Blog Gentle Factory<\/title>\n<meta name=\"robots\" content=\"index, follow, max-snippet:-1, max-image-preview:large, max-video-preview:-1\" \/>\n<link rel=\"canonical\" href=\"https:\/\/www.lagentlefactory.com\/blog\/vendeur-39-heures\/\" \/>\n<meta property=\"og:locale\" content=\"fr_FR\" \/>\n<meta property=\"og:type\" content=\"article\" \/>\n<meta property=\"og:title\" content=\"On recrute notre futur.e vendeur.se boutique (39H00) - Blog Gentle Factory\" \/>\n<meta property=\"og:description\" content=\"Depuis 2013, La Gentle Factory imagine pour l\u2019homme une mode made in France engag\u00e9e pour r\u00e9parer la plan\u00e8te. Une mode qui a le sens des responsabilit\u00e9s ; une mode issue du recyclage, des mati\u00e8res biologiques et de la production locale. Nous avons ouvert notre site e-commerce en octobre 2017 et notre activit\u00e9 B2B est en [&hellip;]\" \/>\n<meta property=\"og:url\" content=\"https:\/\/www.lagentlefactory.com\/blog\/vendeur-39-heures\/\" \/>\n<meta property=\"og:site_name\" content=\"Blog Gentle Factory\" \/>\n<meta property=\"article:publisher\" content=\"https:\/\/www.facebook.com\/lagentlefactory\" \/>\n<meta property=\"article:modified_time\" content=\"2024-05-20T09:47:21+00:00\" \/>\n<meta property=\"og:image\" content=\"https:\/\/www.lagentlefactory.com\/blog\/wp-content\/uploads\/2023\/02\/Sans-titre-2023-02-28T143246.597.png\" \/>\n<meta name=\"twitter:card\" content=\"summary_large_image\" \/>\n<meta name=\"twitter:site\" content=\"@lagentlefactory\" \/>\n<meta name=\"twitter:label1\" content=\"Dur\u00e9e de lecture estim\u00e9e\" \/>\n\t<meta name=\"twitter:data1\" content=\"3 minutes\" \/>\n<script type=\"application\/ld+json\" class=\"yoast-schema-graph\">{\"@context\":\"https:\/\/schema.org\",\"@graph\":[{\"@type\":\"WebPage\",\"@id\":\"https:\/\/www.lagentlefactory.com\/blog\/vendeur-39-heures\/\",\"url\":\"https:\/\/www.lagentlefactory.com\/blog\/vendeur-39-heures\/\",\"name\":\"On recrute notre futur.e vendeur.se boutique (39H00) - Blog Gentle Factory\",\"isPartOf\":{\"@id\":\"https:\/\/www.lagentlefactory.com\/blog\/#website\"},\"datePublished\":\"2023-02-28T14:12:42+00:00\",\"dateModified\":\"2024-05-20T09:47:21+00:00\",\"breadcrumb\":{\"@id\":\"https:\/\/www.lagentlefactory.com\/blog\/vendeur-39-heures\/#breadcrumb\"},\"inLanguage\":\"fr-FR\",\"potentialAction\":[{\"@type\":\"ReadAction\",\"target\":[\"https:\/\/www.lagentlefactory.com\/blog\/vendeur-39-heures\/\"]}]},{\"@type\":\"BreadcrumbList\",\"@id\":\"https:\/\/www.lagentlefactory.com\/blog\/vendeur-39-heures\/#breadcrumb\",\"itemListElement\":[{\"@type\":\"ListItem\",\"position\":1,\"name\":\"Accueil\",\"item\":\"https:\/\/www.lagentlefactory.com\/blog\/\"},{\"@type\":\"ListItem\",\"position\":2,\"name\":\"On recrute notre futur.e vendeur.se boutique (39H00)\"}]},{\"@type\":\"WebSite\",\"@id\":\"https:\/\/www.lagentlefactory.com\/blog\/#website\",\"url\":\"https:\/\/www.lagentlefactory.com\/blog\/\",\"name\":\"Blog Gentle Factory\",\"description\":\"La Gentle Sph\u00e8re\",\"publisher\":{\"@id\":\"https:\/\/www.lagentlefactory.com\/blog\/#organization\"},\"potentialAction\":[{\"@type\":\"SearchAction\",\"target\":{\"@type\":\"EntryPoint\",\"urlTemplate\":\"https:\/\/www.lagentlefactory.com\/blog\/?s={search_term_string}\"},\"query-input\":\"required name=search_term_string\"}],\"inLanguage\":\"fr-FR\"},{\"@type\":\"Organization\",\"@id\":\"https:\/\/www.lagentlefactory.com\/blog\/#organization\",\"name\":\"La Gentle Factory\",\"url\":\"https:\/\/www.lagentlefactory.com\/blog\/\",\"logo\":{\"@type\":\"ImageObject\",\"inLanguage\":\"fr-FR\",\"@id\":\"https:\/\/www.lagentlefactory.com\/blog\/#\/schema\/logo\/image\/\",\"url\":\"https:\/\/www.lagentlefactory.com\/blog\/wp-content\/uploads\/2022\/09\/Logo-noir-400x450-1.png\",\"contentUrl\":\"https:\/\/www.lagentlefactory.com\/blog\/wp-content\/uploads\/2022\/09\/Logo-noir-400x450-1.png\",\"width\":400,\"height\":450,\"caption\":\"La Gentle Factory\"},\"image\":{\"@id\":\"https:\/\/www.lagentlefactory.com\/blog\/#\/schema\/logo\/image\/\"},\"sameAs\":[\"https:\/\/instagram.com\/lagentlefactory\/\",\"https:\/\/www.facebook.com\/lagentlefactory\",\"https:\/\/twitter.com\/lagentlefactory\"]}]}<\/script>\n<!-- \/ Yoast SEO plugin. -->","yoast_head_json":{"title":"On recrute notre futur.e vendeur.se boutique (39H00) - Blog Gentle Factory","robots":{"index":"index","follow":"follow","max-snippet":"max-snippet:-1","max-image-preview":"max-image-preview:large","max-video-preview":"max-video-preview:-1"},"canonical":"https:\/\/www.lagentlefactory.com\/blog\/vendeur-39-heures\/","og_locale":"fr_FR","og_type":"article","og_title":"On recrute notre futur.e vendeur.se boutique (39H00) - Blog Gentle Factory","og_description":"Depuis 2013, La Gentle Factory imagine pour l\u2019homme une mode made in France engag\u00e9e pour r\u00e9parer la plan\u00e8te. Une mode qui a le sens des responsabilit\u00e9s ; une mode issue du recyclage, des mati\u00e8res biologiques et de la production locale. Nous avons ouvert notre site e-commerce en octobre 2017 et notre activit\u00e9 B2B est en [&hellip;]","og_url":"https:\/\/www.lagentlefactory.com\/blog\/vendeur-39-heures\/","og_site_name":"Blog Gentle Factory","article_publisher":"https:\/\/www.facebook.com\/lagentlefactory","article_modified_time":"2024-05-20T09:47:21+00:00","og_image":[{"url":"https:\/\/www.lagentlefactory.com\/blog\/wp-content\/uploads\/2023\/02\/Sans-titre-2023-02-28T143246.597.png"}],"twitter_card":"summary_large_image","twitter_site":"@lagentlefactory","twitter_misc":{"Dur\u00e9e de lecture estim\u00e9e":"3 minutes"},"schema":{"@context":"https:\/\/schema.org","@graph":[{"@type":"WebPage","@id":"https:\/\/www.lagentlefactory.com\/blog\/vendeur-39-heures\/","url":"https:\/\/www.lagentlefactory.com\/blog\/vendeur-39-heures\/","name":"On recrute notre futur.e vendeur.se boutique (39H00) - Blog Gentle Factory","isPartOf":{"@id":"https:\/\/www.lagentlefactory.com\/blog\/#website"},"datePublished":"2023-02-28T14:12:42+00:00","dateModified":"2024-05-20T09:47:21+00:00","breadcrumb":{"@id":"https:\/\/www.lagentlefactory.com\/blog\/vendeur-39-heures\/#breadcrumb"},"inLanguage":"fr-FR","potentialAction":[{"@type":"ReadAction","target":["https:\/\/www.lagentlefactory.com\/blog\/vendeur-39-heures\/"]}]},{"@type":"BreadcrumbList","@id":"https:\/\/www.lagentlefactory.com\/blog\/vendeur-39-heures\/#breadcrumb","itemListElement":[{"@type":"ListItem","position":1,"name":"Accueil","item":"https:\/\/www.lagentlefactory.com\/blog\/"},{"@type":"ListItem","position":2,"name":"On recrute notre futur.e vendeur.se boutique (39H00)"}]},{"@type":"WebSite","@id":"https:\/\/www.lagentlefactory.com\/blog\/#website","url":"https:\/\/www.lagentlefactory.com\/blog\/","name":"Blog Gentle Factory","description":"La Gentle Sph\u00e8re","publisher":{"@id":"https:\/\/www.lagentlefactory.com\/blog\/#organization"},"potentialAction":[{"@type":"SearchAction","target":{"@type":"EntryPoint","urlTemplate":"https:\/\/www.lagentlefactory.com\/blog\/?s={search_term_string}"},"query-input":"required name=search_term_string"}],"inLanguage":"fr-FR"},{"@type":"Organization","@id":"https:\/\/www.lagentlefactory.com\/blog\/#organization","name":"La Gentle Factory","url":"https:\/\/www.lagentlefactory.com\/blog\/","logo":{"@type":"ImageObject","inLanguage":"fr-FR","@id":"https:\/\/www.lagentlefactory.com\/blog\/#\/schema\/logo\/image\/","url":"https:\/\/www.lagentlefactory.com\/blog\/wp-content\/uploads\/2022\/09\/Logo-noir-400x450-1.png","contentUrl":"https:\/\/www.lagentlefactory.com\/blog\/wp-content\/uploads\/2022\/09\/Logo-noir-400x450-1.png","width":400,"height":450,"caption":"La Gentle Factory"},"image":{"@id":"https:\/\/www.lagentlefactory.com\/blog\/#\/schema\/logo\/image\/"},"sameAs":["https:\/\/instagram.com\/lagentlefactory\/","https:\/\/www.facebook.com\/lagentlefactory","https:\/\/twitter.com\/lagentlefactory"]}]}},"_links":{"self":[{"href":"https:\/\/www.lagentlefactory.com\/blog\/wp-json\/wp\/v2\/pages\/19165"}],"collection":[{"href":"https:\/\/www.lagentlefactory.com\/blog\/wp-json\/wp\/v2\/pages"}],"about":[{"href":"https:\/\/www.lagentlefactory.com\/blog\/wp-json\/wp\/v2\/types\/page"}],"author":[{"embeddable":true,"href":"https:\/\/www.lagentlefactory.com\/blog\/wp-json\/wp\/v2\/users\/15"}],"replies":[{"embeddable":true,"href":"https:\/\/www.lagentlefactory.com\/blog\/wp-json\/wp\/v2\/comments?post=19165"}],"version-history":[{"count":4,"href":"https:\/\/www.lagentlefactory.com\/blog\/wp-json\/wp\/v2\/pages\/19165\/revisions"}],"predecessor-version":[{"id":20751,"href":"https:\/\/www.lagentlefactory.com\/blog\/wp-json\/wp\/v2\/pages\/19165\/revisions\/20751"}],"wp:attachment":[{"href":"https:\/\/www.lagentlefactory.com\/blog\/wp-json\/wp\/v2\/media?parent=19165"}],"curies":[{"name":"wp","href":"https:\/\/api.w.org\/{rel}","templated":true}]}}