{"id":1129,"date":"2017-08-29T15:31:27","date_gmt":"2017-08-29T13:31:27","guid":{"rendered":"https:\/\/www.lagentlefactory.com\/\/blog\/?page_id=1129"},"modified":"2025-09-04T12:32:59","modified_gmt":"2025-09-04T10:32:59","slug":"qui-sommes-nous","status":"publish","type":"page","link":"https:\/\/www.lagentlefactory.com\/blog\/qui-sommes-nous\/","title":{"rendered":"Qui sommes-nous ?"},"content":{"rendered":"\n<figure class=\"wp-block-image size-large\"><img loading=\"lazy\" width=\"1296\" height=\"635\" src=\"https:\/\/www.lagentlefactory.com\/blog\/wp-content\/uploads\/2025\/09\/Template-Slider-LGF-desktop-40-1296x635.jpg\" alt=\"\" class=\"wp-image-21529\" srcset=\"https:\/\/www.lagentlefactory.com\/blog\/wp-content\/uploads\/2025\/09\/Template-Slider-LGF-desktop-40-1296x635.jpg 1296w, https:\/\/www.lagentlefactory.com\/blog\/wp-content\/uploads\/2025\/09\/Template-Slider-LGF-desktop-40-300x147.jpg 300w, https:\/\/www.lagentlefactory.com\/blog\/wp-content\/uploads\/2025\/09\/Template-Slider-LGF-desktop-40-768x376.jpg 768w, https:\/\/www.lagentlefactory.com\/blog\/wp-content\/uploads\/2025\/09\/Template-Slider-LGF-desktop-40-1536x752.jpg 1536w, https:\/\/www.lagentlefactory.com\/blog\/wp-content\/uploads\/2025\/09\/Template-Slider-LGF-desktop-40-2048x1003.jpg 2048w\" sizes=\"(max-width: 1296px) 100vw, 1296px\" \/><\/figure>\n\n\n<p>Cr\u00e9\u00e9e sous l&rsquo;impulsion de Christ\u00e8le Merter, ing\u00e9nieure textile passionn\u00e9e, La Gentle Factory est empreinte de l&rsquo;esprit d&rsquo;artisans que l&rsquo;on retrouve dans les start-ups modernes.<\/p>\n<p>Propuls\u00e9e en 2013, la marque est form\u00e9e d&rsquo;une \u00e9quipe engag\u00e9e et passionn\u00e9e et amoureuse absolue de la mode. Leur promesse ? Offrir une mode innovante, durable et chaleureuse, fil apr\u00e8s fil, sourire apr\u00e8s sourire. Cr\u00e9\u00e9e sous l&rsquo;impulsion de Christ\u00e8le Merter, ing\u00e9nieure textile passionn\u00e9e, La Gentle Factory est empreinte de l&rsquo;esprit d&rsquo;artisans que l&rsquo;on retrouve dans les start-ups modernes.<\/p>\n<p>Propuls\u00e9e en 2013, la marque est form\u00e9e d&rsquo;une \u00e9quipe engag\u00e9e et passionn\u00e9e et amoureuse absolue de la mode. Leur promesse ? Offrir une mode innovante, durable et chaleureuse, fil apr\u00e8s fil, sourire apr\u00e8s sourire.<\/p>\n<ul>\n<li>\u00a0<\/li>\n<\/ul>\n<h1>Notre histoire<\/h1>\n<ul>\n<li>\u00a0<\/li>\n<\/ul>\n<p>La Gentle Factory voit le jour au sein d&rsquo;Happychic en 2013, sous l&rsquo;impulsion de Christ\u00e8le Merter, ing\u00e9nieure textile charg\u00e9e de la qualit\u00e9 et du d\u00e9veloppement durable du groupe. D&rsquo;abord test\u00e9e sous forme de label, un premier prototype est cr\u00e9\u00e9 : un pull 100% recycl\u00e9.<\/p>\n<p>Christ\u00e8le Merter propose alors un produit 100% \u00e9thique mais oublie un petit d\u00e9tail : le style. La commercialisation du pull ne peut pas fonctionner. Mais suite \u00e0 cette erreur, la promesse de la marque na\u00eet : proposer des produits \u00e0 la fois responsables et beaux, tout simplement !<\/p>\n<p>La Gentle Factory fabrique des capsules made in France pour les enseignes du groupe telles que Jules, Brice et Bizzbee, avant d&rsquo;implanter ses collections de fa\u00e7on p\u00e9renne au sein de plusieurs magasins. V\u00e9ritable start-up au milieu des grandes enseignes, la marque made in France b\u00e9n\u00e9ficie du r\u00e9seau d&rsquo;Happychic. Quatre ans apr\u00e8s sa cr\u00e9ation, La Gentle Factory amorce le d\u00e9veloppement de son propre r\u00e9seau de distribution.<\/p>\n<p>En janvier 2019, La Gentle Factory quitte le groupe Happy Chic et devient ind\u00e9pendante. L&rsquo;annonce est faite : l&rsquo;entreprise sera reprise par la personne qui s&rsquo;est investie depuis le d\u00e9but dans le projet&#8230; Christ\u00e8le Merter !<\/p>\n<ul>\n<li>\u00a0<\/li>\n<\/ul>\n<p>La Gentle Factory est n\u00e9e d&rsquo;une volont\u00e9 profonde de changer le monde ! La d\u00e9termination, la pers\u00e9v\u00e9rance et le d\u00e9fi sont au c\u0153ur de la marque. Notre ambition est de concilier la mode et la durabilit\u00e9, et de permettre \u00e0 nos clients de se sentir beaux et utiles. La Gentle Factory est n\u00e9e d&rsquo;une volont\u00e9 profonde de changer le monde ! La d\u00e9termination, la pers\u00e9v\u00e9rance et le d\u00e9fi sont au c\u0153ur de la marque. Notre ambition est de concilier la mode et la durabilit\u00e9, et de permettre \u00e0 nos clients de se sentir beaux et utiles.\u00a0<\/p>\n<ul>\n<li>\u00a0<\/li>\n<\/ul>\n<p>Depuis sa cr\u00e9ation, La Gentle Factory a nou\u00e9 des partenariats de qualit\u00e9 avec des ateliers partout en France. Des artisans locaux, disposant d\u2019un savoir-faire unique, et passionn\u00e9s par leur m\u00e9tier. Ensemble, nous faisons le choix d\u2019une production de qualit\u00e9, plus respectueuse de l\u2019Homme et de l\u2019environnement. Chaque produit de La Gentle Factory est un premier pas vers un monde plus responsable. Une approche sociale qui \u0153uvre aupr\u00e8s des fili\u00e8res solidaires, mais aussi environnementales par l\u2019emploi de mati\u00e8res naturelles, biologiques et recycl\u00e9es.\u00a0<\/p>\n<blockquote>\n<p>La Gentle Factory imagine ses produits du tissage jusqu\u2019au moindre bouton.<br \/>V\u00e9ritablement ancr\u00e9s dans son ADN,\u00a0 la durabilit\u00e9 des mati\u00e8res, leur r\u00e9sistance, la qualit\u00e9 des finitions\u00a0et le partenariat avec les entreprises locales qui tissent et tricotent, teignent, confectionnent les produits.<\/p>\n<ul>\n<li>\u00a0<\/li>\n<\/ul>\n<\/blockquote>\n<h1>Une mode belle et utile<\/h1>\n<p><strong>Une mode<\/strong>\u00a0bas\u00e9e sur des essentiels, une mode pens\u00e9e pour le bien-\u00eatre au quotidien, la durabilit\u00e9 des\u00a0mati\u00e8res et des authentiques intemporels revisit\u00e9s!<\/p>\n<p><strong>Une mode<\/strong>\u00a0pour enrichir le quotidien d\u2019un suppl\u00e9ment d\u2019\u00e2me, \u00eatre authentique et bien dans sa peau.<br \/>Aimer les choses simples et naturelles\u2026. Aller \u00e0 l\u2019essentiel.<\/p>\n<p><strong>Une mode<\/strong>\u00a0en toute simplicit\u00e9 \u2026<br \/>Une mode qui privil\u00e9gie les fibres naturelles, biologiques ou recycl\u00e9es. Une mode pour \u00eatre vrai, pour se sentir bien. Chaque saison, nous proposons des collections capsules centr\u00e9es sur une id\u00e9e qui nous tient \u00e0 c\u0153ur, et qui sont renouvel\u00e9es tous les mois.<\/p>\n<p>Grace \u00e0 ce principe, nous contr\u00f4lons notre production et \u00e9vitons au maximum le surplus de stock, fabriquant\u00a0ainsi la juste quantit\u00e9.<\/p>\n<p>Le but ? Sortir du rythme effr\u00e9n\u00e9 de\u00a0la mode et proposer un vestiaire complet et attrayant qui\u00a0traverse les ann\u00e9es\u2026 sans jamais lasser !<\/p>\n<div class=\"wpb_text_column wpb_content_element \">\u00a0<\/div>\n<blockquote>\n<p class=\"vc_custom_heading\"><strong>Afin de produire les justes quantit\u00e9s, La Gentle Factory cr\u00e9e des v\u00eatements qui vont au-del\u00e0 de la mode : nous mettons nos standards avec des pi\u00e8ces intemporelles, permanentes, simples et belles qui ne se d\u00e9moderont pas, en totale ad\u00e9quation avec le concept \u00ab Anti-Fashion \u00bb.<\/strong><\/p>\n<\/blockquote>\n<div class=\"wpb_text_column wpb_content_element \">\n<div class=\"wpb_wrapper\">\n<h2><strong>Ce vestiaire de basiques de qualit\u00e9 est compl\u00e9t\u00e9 tous les mois par une collection capsule exclusive.<\/strong><\/h2>\n<p><strong>Nos pi\u00e8ces intemporelles, simples, belles, confortables !<\/strong><\/p>\n<p>\u00a0<\/p>\n<\/div>\n<\/div>\n<ul>\n<li class=\"wpb_text_column wpb_content_element \">\u00a0<\/li>\n<\/ul>\n<div class=\"wpb_text_column wpb_content_element \">\n<div class=\"wpb_wrapper\">\n<p>\u00a0<\/p>\n<p>Le postulat qui s\u2019est impos\u00e9 :\u00a0 <strong>associer la simplicit\u00e9 \u00e0 la modernit\u00e9\u2026<\/strong><br \/>On a souvent tort de confondre simplicit\u00e9 avec aust\u00e9rit\u00e9 ou sobri\u00e9t\u00e9\u2026 Car le concept est aussi li\u00e9 au Bon et au Durable. C\u2019est donc le choix de mati\u00e8res naturelles , essentiellement du coton, du lin ou encore de la laine, s\u00e9lectionn\u00e9es pour leur qualit\u00e9 et le bien-\u00eatre qu\u2019elles procurent.<\/p>\n<p>Le choix de couleurs rappelle le charme fran\u00e7ais: des bleus, des \u00e9crus, une touche de corail, une pointe de beige, un accent de camel.<\/p>\n<p>\u00a0<\/p>\n<\/div>\n<\/div>\n<p><strong>La simplicit\u00e9<\/strong>, c&rsquo;est la pause, la capacit\u00e9 de s&rsquo;extraire temporairement d&rsquo;un monde de complications et d\u2019exc\u00e8s\u2026 c&rsquo;est aussi la red\u00e9couverte de ce qui nous entoure, et nous invite \u00e0 \u00eatre connect\u00e9s, pleinement dans l&rsquo;instant.<\/p>\n<p><strong>La simplicit\u00e9<\/strong> c\u2019est l&rsquo;audace : faire simple coule de source et r\u00e9v\u00e8le\u00a0 les sens. L\u2019usage des mots\u00a0 sur nos produits stimule l\u2019\u00e9motion et l\u2019imagination : place aux audacieux !<\/p>\n<p>L\u2019id\u00e9e de la <strong>simplicit\u00e9<\/strong> nous pla\u00eet parce qu&rsquo;elle s&rsquo;inscrit dans la dur\u00e9e : r\u00e9-interpr\u00e9ter des authentiques qui ont travers\u00e9 des g\u00e9n\u00e9rations, c\u2019est avoir l\u2019assurance d\u2019une pi\u00e8ce qui va au-del\u00e0 de la mode, elle n\u2019a besoin d\u2019aucun artifice , elle est juste <strong>moderne.<\/strong><\/p>\n<p><strong>La modernit\u00e9, c\u2019est tout simplement l\u2019\u00e9l\u00e9gance d\u2019un v\u00eatement qui n\u2019a plus rien \u00e0 prouver\u2026 Sauf de vous plaire !<\/strong><\/p>\n\n\n<h2>Nous pr\u00e9f\u00e9rons la production locale, qui valorise l\u2019artisanat et les savoirs-faire, et nous nous s\u2019engageons pour le collectif et le partage pour se&nbsp; comporter en vrai gentleman !<\/h2>\n\n\n\n<p><strong>Le \u00ab syst\u00e8me de la mode&nbsp;\u00bb tel que nous le connaissons est obsol\u00e8te. Nous pensons qu\u2019il y a une autre fa\u00e7on d\u2019envisager la mode, une nouvelle mani\u00e8re de concevoir le v\u00eatement dans une approche plus constructive et durable. La mode circulaire ne sera bient\u00f4t plus une utopie : Il faut s\u2019engager, dans le respect des valeurs \u00e9co-responsables, et \u00e0 La Gentle Factory nous y travaillons.<\/strong><\/p>\n\n\n\n<p><strong>S\u2019ENGAGER \u00c0\u2026CONSOMMER MOINS\u2026&nbsp;ET \u00c0 CONSOMMER MIEUX&nbsp; &nbsp; &nbsp; &nbsp;<\/strong><\/p>\n","protected":false},"excerpt":{"rendered":"<p>Cr\u00e9\u00e9e sous l&rsquo;impulsion de Christ\u00e8le Merter, ing\u00e9nieure textile passionn\u00e9e, La Gentle Factory est empreinte de l&rsquo;esprit d&rsquo;artisans que l&rsquo;on retrouve dans les start-ups modernes. Propuls\u00e9e en 2013, la marque est form\u00e9e d&rsquo;une \u00e9quipe engag\u00e9e et passionn\u00e9e et amoureuse absolue de la mode. Leur promesse ? Offrir une mode innovante, durable et chaleureuse, fil apr\u00e8s fil, [&hellip;]<\/p>\n","protected":false},"author":1,"featured_media":0,"parent":0,"menu_order":0,"comment_status":"closed","ping_status":"closed","template":"","meta":[],"acf":[],"yoast_head":"<!-- This site is optimized with the Yoast SEO plugin v19.13 - https:\/\/yoast.com\/wordpress\/plugins\/seo\/ -->\n<title>Qui sommes-nous ? l La Gentle Factory<\/title>\n<meta name=\"description\" content=\"D\u00e9couvrez l&#039;histoire d&#039;une marque de pr\u00eat-\u00e0-porter made in France engag\u00e9e pour la pr\u00e9servation de savoir-faire uniques et de l&#039;environnement.\" \/>\n<meta name=\"robots\" content=\"index, follow, max-snippet:-1, max-image-preview:large, max-video-preview:-1\" \/>\n<link rel=\"canonical\" href=\"https:\/\/www.lagentlefactory.com\/blog\/qui-sommes-nous\/\" \/>\n<meta property=\"og:locale\" content=\"fr_FR\" \/>\n<meta property=\"og:type\" content=\"article\" \/>\n<meta property=\"og:title\" content=\"Qui sommes-nous ? l La Gentle Factory\" \/>\n<meta property=\"og:description\" content=\"D\u00e9couvrez l&#039;histoire d&#039;une marque de pr\u00eat-\u00e0-porter made in France engag\u00e9e pour la pr\u00e9servation de savoir-faire uniques et de l&#039;environnement.\" \/>\n<meta property=\"og:url\" content=\"https:\/\/www.lagentlefactory.com\/blog\/qui-sommes-nous\/\" \/>\n<meta property=\"og:site_name\" content=\"Blog Gentle Factory\" \/>\n<meta property=\"article:publisher\" content=\"https:\/\/www.facebook.com\/lagentlefactory\" \/>\n<meta property=\"article:modified_time\" content=\"2025-09-04T10:32:59+00:00\" \/>\n<meta property=\"og:image\" content=\"https:\/\/www.lagentlefactory.com\/blog\/wp-content\/uploads\/2025\/09\/Template-Slider-LGF-desktop-40-1296x635.jpg\" \/>\n<meta name=\"twitter:card\" content=\"summary_large_image\" \/>\n<meta name=\"twitter:site\" content=\"@lagentlefactory\" \/>\n<meta name=\"twitter:label1\" content=\"Dur\u00e9e de lecture estim\u00e9e\" \/>\n\t<meta name=\"twitter:data1\" content=\"6 minutes\" \/>\n<script type=\"application\/ld+json\" class=\"yoast-schema-graph\">{\"@context\":\"https:\/\/schema.org\",\"@graph\":[{\"@type\":\"WebPage\",\"@id\":\"https:\/\/www.lagentlefactory.com\/blog\/qui-sommes-nous\/\",\"url\":\"https:\/\/www.lagentlefactory.com\/blog\/qui-sommes-nous\/\",\"name\":\"Qui sommes-nous ? l La Gentle Factory\",\"isPartOf\":{\"@id\":\"https:\/\/www.lagentlefactory.com\/blog\/#website\"},\"datePublished\":\"2017-08-29T13:31:27+00:00\",\"dateModified\":\"2025-09-04T10:32:59+00:00\",\"description\":\"D\u00e9couvrez l'histoire d'une marque de pr\u00eat-\u00e0-porter made in France engag\u00e9e pour la pr\u00e9servation de savoir-faire uniques et de l'environnement.\",\"breadcrumb\":{\"@id\":\"https:\/\/www.lagentlefactory.com\/blog\/qui-sommes-nous\/#breadcrumb\"},\"inLanguage\":\"fr-FR\",\"potentialAction\":[{\"@type\":\"ReadAction\",\"target\":[\"https:\/\/www.lagentlefactory.com\/blog\/qui-sommes-nous\/\"]}]},{\"@type\":\"BreadcrumbList\",\"@id\":\"https:\/\/www.lagentlefactory.com\/blog\/qui-sommes-nous\/#breadcrumb\",\"itemListElement\":[{\"@type\":\"ListItem\",\"position\":1,\"name\":\"Accueil\",\"item\":\"https:\/\/www.lagentlefactory.com\/blog\/\"},{\"@type\":\"ListItem\",\"position\":2,\"name\":\"Qui sommes-nous ?\"}]},{\"@type\":\"WebSite\",\"@id\":\"https:\/\/www.lagentlefactory.com\/blog\/#website\",\"url\":\"https:\/\/www.lagentlefactory.com\/blog\/\",\"name\":\"Blog Gentle Factory\",\"description\":\"La Gentle Sph\u00e8re\",\"publisher\":{\"@id\":\"https:\/\/www.lagentlefactory.com\/blog\/#organization\"},\"potentialAction\":[{\"@type\":\"SearchAction\",\"target\":{\"@type\":\"EntryPoint\",\"urlTemplate\":\"https:\/\/www.lagentlefactory.com\/blog\/?s={search_term_string}\"},\"query-input\":\"required name=search_term_string\"}],\"inLanguage\":\"fr-FR\"},{\"@type\":\"Organization\",\"@id\":\"https:\/\/www.lagentlefactory.com\/blog\/#organization\",\"name\":\"La Gentle Factory\",\"url\":\"https:\/\/www.lagentlefactory.com\/blog\/\",\"logo\":{\"@type\":\"ImageObject\",\"inLanguage\":\"fr-FR\",\"@id\":\"https:\/\/www.lagentlefactory.com\/blog\/#\/schema\/logo\/image\/\",\"url\":\"https:\/\/www.lagentlefactory.com\/blog\/wp-content\/uploads\/2022\/09\/Logo-noir-400x450-1.png\",\"contentUrl\":\"https:\/\/www.lagentlefactory.com\/blog\/wp-content\/uploads\/2022\/09\/Logo-noir-400x450-1.png\",\"width\":400,\"height\":450,\"caption\":\"La Gentle Factory\"},\"image\":{\"@id\":\"https:\/\/www.lagentlefactory.com\/blog\/#\/schema\/logo\/image\/\"},\"sameAs\":[\"https:\/\/instagram.com\/lagentlefactory\/\",\"https:\/\/www.facebook.com\/lagentlefactory\",\"https:\/\/twitter.com\/lagentlefactory\"]}]}<\/script>\n<!-- \/ Yoast SEO plugin. -->","yoast_head_json":{"title":"Qui sommes-nous ? l La Gentle Factory","description":"D\u00e9couvrez l'histoire d'une marque de pr\u00eat-\u00e0-porter made in France engag\u00e9e pour la pr\u00e9servation de savoir-faire uniques et de l'environnement.","robots":{"index":"index","follow":"follow","max-snippet":"max-snippet:-1","max-image-preview":"max-image-preview:large","max-video-preview":"max-video-preview:-1"},"canonical":"https:\/\/www.lagentlefactory.com\/blog\/qui-sommes-nous\/","og_locale":"fr_FR","og_type":"article","og_title":"Qui sommes-nous ? l La Gentle Factory","og_description":"D\u00e9couvrez l'histoire d'une marque de pr\u00eat-\u00e0-porter made in France engag\u00e9e pour la pr\u00e9servation de savoir-faire uniques et de l'environnement.","og_url":"https:\/\/www.lagentlefactory.com\/blog\/qui-sommes-nous\/","og_site_name":"Blog Gentle Factory","article_publisher":"https:\/\/www.facebook.com\/lagentlefactory","article_modified_time":"2025-09-04T10:32:59+00:00","og_image":[{"url":"https:\/\/www.lagentlefactory.com\/blog\/wp-content\/uploads\/2025\/09\/Template-Slider-LGF-desktop-40-1296x635.jpg"}],"twitter_card":"summary_large_image","twitter_site":"@lagentlefactory","twitter_misc":{"Dur\u00e9e de lecture estim\u00e9e":"6 minutes"},"schema":{"@context":"https:\/\/schema.org","@graph":[{"@type":"WebPage","@id":"https:\/\/www.lagentlefactory.com\/blog\/qui-sommes-nous\/","url":"https:\/\/www.lagentlefactory.com\/blog\/qui-sommes-nous\/","name":"Qui sommes-nous ? l La Gentle Factory","isPartOf":{"@id":"https:\/\/www.lagentlefactory.com\/blog\/#website"},"datePublished":"2017-08-29T13:31:27+00:00","dateModified":"2025-09-04T10:32:59+00:00","description":"D\u00e9couvrez l'histoire d'une marque de pr\u00eat-\u00e0-porter made in France engag\u00e9e pour la pr\u00e9servation de savoir-faire uniques et de l'environnement.","breadcrumb":{"@id":"https:\/\/www.lagentlefactory.com\/blog\/qui-sommes-nous\/#breadcrumb"},"inLanguage":"fr-FR","potentialAction":[{"@type":"ReadAction","target":["https:\/\/www.lagentlefactory.com\/blog\/qui-sommes-nous\/"]}]},{"@type":"BreadcrumbList","@id":"https:\/\/www.lagentlefactory.com\/blog\/qui-sommes-nous\/#breadcrumb","itemListElement":[{"@type":"ListItem","position":1,"name":"Accueil","item":"https:\/\/www.lagentlefactory.com\/blog\/"},{"@type":"ListItem","position":2,"name":"Qui sommes-nous ?"}]},{"@type":"WebSite","@id":"https:\/\/www.lagentlefactory.com\/blog\/#website","url":"https:\/\/www.lagentlefactory.com\/blog\/","name":"Blog Gentle Factory","description":"La Gentle Sph\u00e8re","publisher":{"@id":"https:\/\/www.lagentlefactory.com\/blog\/#organization"},"potentialAction":[{"@type":"SearchAction","target":{"@type":"EntryPoint","urlTemplate":"https:\/\/www.lagentlefactory.com\/blog\/?s={search_term_string}"},"query-input":"required name=search_term_string"}],"inLanguage":"fr-FR"},{"@type":"Organization","@id":"https:\/\/www.lagentlefactory.com\/blog\/#organization","name":"La Gentle Factory","url":"https:\/\/www.lagentlefactory.com\/blog\/","logo":{"@type":"ImageObject","inLanguage":"fr-FR","@id":"https:\/\/www.lagentlefactory.com\/blog\/#\/schema\/logo\/image\/","url":"https:\/\/www.lagentlefactory.com\/blog\/wp-content\/uploads\/2022\/09\/Logo-noir-400x450-1.png","contentUrl":"https:\/\/www.lagentlefactory.com\/blog\/wp-content\/uploads\/2022\/09\/Logo-noir-400x450-1.png","width":400,"height":450,"caption":"La Gentle Factory"},"image":{"@id":"https:\/\/www.lagentlefactory.com\/blog\/#\/schema\/logo\/image\/"},"sameAs":["https:\/\/instagram.com\/lagentlefactory\/","https:\/\/www.facebook.com\/lagentlefactory","https:\/\/twitter.com\/lagentlefactory"]}]}},"_links":{"self":[{"href":"https:\/\/www.lagentlefactory.com\/blog\/wp-json\/wp\/v2\/pages\/1129"}],"collection":[{"href":"https:\/\/www.lagentlefactory.com\/blog\/wp-json\/wp\/v2\/pages"}],"about":[{"href":"https:\/\/www.lagentlefactory.com\/blog\/wp-json\/wp\/v2\/types\/page"}],"author":[{"embeddable":true,"href":"https:\/\/www.lagentlefactory.com\/blog\/wp-json\/wp\/v2\/users\/1"}],"replies":[{"embeddable":true,"href":"https:\/\/www.lagentlefactory.com\/blog\/wp-json\/wp\/v2\/comments?post=1129"}],"version-history":[{"count":9,"href":"https:\/\/www.lagentlefactory.com\/blog\/wp-json\/wp\/v2\/pages\/1129\/revisions"}],"predecessor-version":[{"id":21536,"href":"https:\/\/www.lagentlefactory.com\/blog\/wp-json\/wp\/v2\/pages\/1129\/revisions\/21536"}],"wp:attachment":[{"href":"https:\/\/www.lagentlefactory.com\/blog\/wp-json\/wp\/v2\/media?parent=1129"}],"curies":[{"name":"wp","href":"https:\/\/api.w.org\/{rel}","templated":true}]}}